{"id":840,"date":"2022-07-09T17:55:36","date_gmt":"2022-07-09T14:55:36","guid":{"rendered":"https:\/\/eticaret.oxotasarim.com\/?post_type=product&#038;p=840"},"modified":"2022-07-09T18:39:41","modified_gmt":"2022-07-09T15:39:41","slug":"bayan-elbise","status":"publish","type":"product","link":"https:\/\/eticaret.oxotasarim.com\/?product=bayan-elbise","title":{"rendered":"BAYAN ELB\u0130SE"},"content":{"rendered":"<p>S\u0130YAH &#8211; KIRMIZI ELB\u0130SE<\/p>\n","protected":false},"excerpt":{"rendered":"<p>S\u0130YAH &#8211; KIRMIZI ELB\u0130SE<\/p>\n","protected":false},"featured_media":841,"comment_status":"open","ping_status":"closed","template":"","meta":[],"product_cat":[36],"product_tag":[],"_links":{"self":[{"href":"https:\/\/eticaret.oxotasarim.com\/index.php?rest_route=\/wp\/v2\/product\/840"}],"collection":[{"href":"https:\/\/eticaret.oxotasarim.com\/index.php?rest_route=\/wp\/v2\/product"}],"about":[{"href":"https:\/\/eticaret.oxotasarim.com\/index.php?rest_route=\/wp\/v2\/types\/product"}],"replies":[{"embeddable":true,"href":"https:\/\/eticaret.oxotasarim.com\/index.php?rest_route=%2Fwp%2Fv2%2Fcomments&post=840"}],"wp:featuredmedia":[{"embeddable":true,"href":"https:\/\/eticaret.oxotasarim.com\/index.php?rest_route=\/wp\/v2\/media\/841"}],"wp:attachment":[{"href":"https:\/\/eticaret.oxotasarim.com\/index.php?rest_route=%2Fwp%2Fv2%2Fmedia&parent=840"}],"wp:term":[{"taxonomy":"product_cat","embeddable":true,"href":"https:\/\/eticaret.oxotasarim.com\/index.php?rest_route=%2Fwp%2Fv2%2Fproduct_cat&post=840"},{"taxonomy":"product_tag","embeddable":true,"href":"https:\/\/eticaret.oxotasarim.com\/index.php?rest_route=%2Fwp%2Fv2%2Fproduct_tag&post=840"}],"curies":[{"name":"wp","href":"https:\/\/api.w.org\/{rel}","templated":true}]}}